{"id":17089,"date":"2020-11-03T15:05:41","date_gmt":"2020-11-03T14:05:41","guid":{"rendered":"https:\/\/www.uualk.com\/portada\/"},"modified":"2020-11-03T15:05:41","modified_gmt":"2020-11-03T14:05:41","slug":"portada","status":"publish","type":"page","link":"https:\/\/www.uualk.com\/ca\/","title":{"rendered":"Portada"},"content":{"rendered":"\t\t<div data-elementor-type=\"wp-page\" data-elementor-id=\"17089\" class=\"elementor elementor-17089 elementor-7929\">\n\t\t\t\t\t\t<section class=\"elementor-section elementor-top-section elementor-element elementor-element-8bba030 elementor-section-boxed elementor-section-height-default elementor-section-height-default\" data-id=\"8bba030\" data-element_type=\"section\" data-settings=\"{&quot;background_background&quot;:&quot;classic&quot;}\">\n\t\t\t\t\t\t\t<div class=\"elementor-background-overlay\"><\/div>\n\t\t\t\t\t\t\t<div class=\"elementor-container elementor-column-gap-wider\">\n\t\t\t\t\t<div class=\"elementor-column elementor-col-100 elementor-top-column elementor-element elementor-element-a0ef33e\" data-id=\"a0ef33e\" data-element_type=\"column\">\n\t\t\t<div class=\"elementor-widget-wrap elementor-element-populated\">\n\t\t\t\t\t\t<div class=\"elementor-element elementor-element-2131741 elementor-widget elementor-widget-heading\" data-id=\"2131741\" data-element_type=\"widget\" data-widget_type=\"heading.default\">\n\t\t\t\t<div class=\"elementor-widget-container\">\n\t\t\t\t\t<h1 class=\"elementor-heading-title elementor-size-default\">El teu eBike per a tot<\/h1>\t\t\t\t<\/div>\n\t\t\t\t<\/div>\n\t\t\t\t<div class=\"elementor-element elementor-element-c0e04f8 elementor-widget elementor-widget-heading\" data-id=\"c0e04f8\" data-element_type=\"widget\" data-widget_type=\"heading.default\">\n\t\t\t\t<div class=\"elementor-widget-container\">\n\t\t\t\t\t<h2 class=\"elementor-heading-title elementor-size-default\">I tots!<\/h2>\t\t\t\t<\/div>\n\t\t\t\t<\/div>\n\t\t\t\t<div class=\"elementor-element elementor-element-1f15c9f elementor-align-center elementor-widget elementor-widget-button\" data-id=\"1f15c9f\" data-element_type=\"widget\" data-widget_type=\"button.default\">\n\t\t\t\t<div class=\"elementor-widget-container\">\n\t\t\t\t\t\t\t\t\t<div class=\"elementor-button-wrapper\">\n\t\t\t\t\t<a class=\"elementor-button elementor-size-xl\" role=\"button\">\n\t\t\t\t\t\t<span class=\"elementor-button-content-wrapper\">\n\t\t\t\t\t\t\t\t\t<span class=\"elementor-button-text\">Veure totes les eBikes<\/span>\n\t\t\t\t\t<\/span>\n\t\t\t\t\t<\/a>\n\t\t\t\t<\/div>\n\t\t\t\t\t\t\t\t<\/div>\n\t\t\t\t<\/div>\n\t\t\t\t\t<\/div>\n\t\t<\/div>\n\t\t\t\t\t<\/div>\n\t\t<\/section>\n\t\t\t\t<section class=\"elementor-section elementor-top-section elementor-element elementor-element-9bb2dfb elementor-section-boxed elementor-section-height-default elementor-section-height-default\" data-id=\"9bb2dfb\" data-element_type=\"section\" data-settings=\"{&quot;background_background&quot;:&quot;classic&quot;}\">\n\t\t\t\t\t\t<div class=\"elementor-container elementor-column-gap-wider\">\n\t\t\t\t\t<div class=\"elementor-column elementor-col-50 elementor-top-column elementor-element elementor-element-57b7f9c\" data-id=\"57b7f9c\" data-element_type=\"column\">\n\t\t\t<div class=\"elementor-widget-wrap elementor-element-populated\">\n\t\t\t\t\t\t<div class=\"elementor-element elementor-element-b10e89f elementor-widget elementor-widget-heading\" data-id=\"b10e89f\" data-element_type=\"widget\" data-widget_type=\"heading.default\">\n\t\t\t\t<div class=\"elementor-widget-container\">\n\t\t\t\t\t<h2 class=\"elementor-heading-title elementor-size-default\">Per qu\u00e8 una eBike?<\/h2>\t\t\t\t<\/div>\n\t\t\t\t<\/div>\n\t\t\t\t<div class=\"elementor-element elementor-element-c4436c3 elementor-widget elementor-widget-text-editor\" data-id=\"c4436c3\" data-element_type=\"widget\" data-widget_type=\"text-editor.default\">\n\t\t\t\t<div class=\"elementor-widget-container\">\n\t\t\t\t\t\t\t\t\t<p>Una e-bike \u00e9s una bicicleta convencional equipada amb un sistema el\u00e8ctric auxiliar. La bateria proporciona energia a un motor que s&#8217;activa per a ajudar-te, nom\u00e9s si vols, amb solo comen\u00e7ar a pedalar. Per aquesta ra\u00f3, les e-bikes tamb\u00e9 es diuen bicicletes amb motor.<\/p>\n\t\t\t\t\t\t\t\t<\/div>\n\t\t\t\t<\/div>\n\t\t\t\t<div class=\"elementor-element elementor-element-66d4fd3 elementor-widget elementor-widget-button\" data-id=\"66d4fd3\" data-element_type=\"widget\" data-widget_type=\"button.default\">\n\t\t\t\t<div class=\"elementor-widget-container\">\n\t\t\t\t\t\t\t\t\t<div class=\"elementor-button-wrapper\">\n\t\t\t\t\t<a class=\"elementor-button elementor-size-xl\" role=\"button\">\n\t\t\t\t\t\t<span class=\"elementor-button-content-wrapper\">\n\t\t\t\t\t\t\t\t\t<span class=\"elementor-button-text\">Veure totes les eBikes<\/span>\n\t\t\t\t\t<\/span>\n\t\t\t\t\t<\/a>\n\t\t\t\t<\/div>\n\t\t\t\t\t\t\t\t<\/div>\n\t\t\t\t<\/div>\n\t\t\t\t\t<\/div>\n\t\t<\/div>\n\t\t\t\t<div class=\"elementor-column elementor-col-50 elementor-top-column elementor-element elementor-element-6a57a11\" data-id=\"6a57a11\" data-element_type=\"column\" data-settings=\"{&quot;background_background&quot;:&quot;classic&quot;}\">\n\t\t\t<div class=\"elementor-widget-wrap elementor-element-populated\">\n\t\t\t\t\t\t<div class=\"elementor-element elementor-element-33b8b38 elementor-widget elementor-widget-spacer\" data-id=\"33b8b38\" data-element_type=\"widget\" data-widget_type=\"spacer.default\">\n\t\t\t\t<div class=\"elementor-widget-container\">\n\t\t\t\t\t\t\t<div class=\"elementor-spacer\">\n\t\t\t<div class=\"elementor-spacer-inner\"><\/div>\n\t\t<\/div>\n\t\t\t\t\t\t<\/div>\n\t\t\t\t<\/div>\n\t\t\t\t\t<\/div>\n\t\t<\/div>\n\t\t\t\t\t<\/div>\n\t\t<\/section>\n\t\t\t\t<section class=\"elementor-section elementor-top-section elementor-element elementor-element-9a228c0 elementor-section-boxed elementor-section-height-default elementor-section-height-default\" data-id=\"9a228c0\" data-element_type=\"section\" data-settings=\"{&quot;background_background&quot;:&quot;classic&quot;}\">\n\t\t\t\t\t\t\t<div class=\"elementor-background-overlay\"><\/div>\n\t\t\t\t\t\t\t<div class=\"elementor-container elementor-column-gap-wider\">\n\t\t\t\t\t<div class=\"elementor-column elementor-col-100 elementor-top-column elementor-element elementor-element-d67bf11\" data-id=\"d67bf11\" data-element_type=\"column\">\n\t\t\t<div class=\"elementor-widget-wrap elementor-element-populated\">\n\t\t\t\t\t\t<div class=\"elementor-element elementor-element-5b40c74 elementor-widget elementor-widget-heading\" data-id=\"5b40c74\" data-element_type=\"widget\" data-widget_type=\"heading.default\">\n\t\t\t\t<div class=\"elementor-widget-container\">\n\t\t\t\t\t<h2 class=\"elementor-heading-title elementor-size-default\">Els nostres productes<\/h2>\t\t\t\t<\/div>\n\t\t\t\t<\/div>\n\t\t\t\t<div class=\"elementor-element elementor-element-910bcbb elementor-widget elementor-widget-woocommerce-products\" data-id=\"910bcbb\" data-element_type=\"widget\" data-widget_type=\"woocommerce-products.default\">\n\t\t\t\t<div class=\"elementor-widget-container\">\n\t\t\t\t\t \t\t\t\t<\/div>\n\t\t\t\t<\/div>\n\t\t\t\t\t<\/div>\n\t\t<\/div>\n\t\t\t\t\t<\/div>\n\t\t<\/section>\n\t\t\t\t<\/div>\n\t\t","protected":false},"excerpt":{"rendered":"<p>El teu eBike per a tot I tots! Veure totes les eBikes Per qu\u00e8 una eBike? Una e-bike \u00e9s una bicicleta convencional equipada amb un sistema el\u00e8ctric auxiliar. La bateria proporciona energia a un motor que s&#8217;activa per a ajudar-te, nom\u00e9s si vols, amb solo comen\u00e7ar a pedalar. Per aquesta ra\u00f3, les e-bikes tamb\u00e9 es [&hellip;]<\/p>\n","protected":false},"author":7,"featured_media":0,"parent":0,"menu_order":0,"comment_status":"closed","ping_status":"closed","template":"elementor_header_footer","meta":{"footnotes":""},"class_list":["post-17089","page","type-page","status-publish","hentry"],"yoast_head":"<!-- This site is optimized with the Yoast SEO plugin v26.1.1 - https:\/\/yoast.com\/wordpress\/plugins\/seo\/ -->\n<title>Portada - eBikes UUALK<\/title>\n<meta name=\"robots\" content=\"index, follow, max-snippet:-1, max-image-preview:large, max-video-preview:-1\" \/>\n<link rel=\"canonical\" href=\"https:\/\/www.uualk.com\/ca\/\" \/>\n<meta property=\"og:locale\" content=\"ca_ES\" \/>\n<meta property=\"og:type\" content=\"article\" \/>\n<meta property=\"og:title\" content=\"Portada - eBikes UUALK\" \/>\n<meta property=\"og:description\" content=\"El teu eBike per a tot I tots! Veure totes les eBikes Per qu\u00e8 una eBike? Una e-bike \u00e9s una bicicleta convencional equipada amb un sistema el\u00e8ctric auxiliar. La bateria proporciona energia a un motor que s&#8217;activa per a ajudar-te, nom\u00e9s si vols, amb solo comen\u00e7ar a pedalar. Per aquesta ra\u00f3, les e-bikes tamb\u00e9 es [&hellip;]\" \/>\n<meta property=\"og:url\" content=\"https:\/\/www.uualk.com\/ca\/\" \/>\n<meta property=\"og:site_name\" content=\"eBikes UUALK\" \/>\n<meta name=\"twitter:card\" content=\"summary_large_image\" \/>\n<script type=\"application\/ld+json\" class=\"yoast-schema-graph\">{\"@context\":\"https:\/\/schema.org\",\"@graph\":[{\"@type\":\"WebPage\",\"@id\":\"https:\/\/www.uualk.com\/ca\/\",\"url\":\"https:\/\/www.uualk.com\/ca\/\",\"name\":\"Portada - eBikes UUALK\",\"isPartOf\":{\"@id\":\"https:\/\/www.uualk.com\/#website\"},\"datePublished\":\"2020-11-03T14:05:41+00:00\",\"breadcrumb\":{\"@id\":\"https:\/\/www.uualk.com\/ca\/#breadcrumb\"},\"inLanguage\":\"ca\",\"potentialAction\":[{\"@type\":\"ReadAction\",\"target\":[\"https:\/\/www.uualk.com\/ca\/\"]}]},{\"@type\":\"BreadcrumbList\",\"@id\":\"https:\/\/www.uualk.com\/ca\/#breadcrumb\",\"itemListElement\":[{\"@type\":\"ListItem\",\"position\":1,\"name\":\"Home\",\"item\":\"https:\/\/www.uualk.com\/ca\/\"},{\"@type\":\"ListItem\",\"position\":2,\"name\":\"Portada\"}]},{\"@type\":\"WebSite\",\"@id\":\"https:\/\/www.uualk.com\/#website\",\"url\":\"https:\/\/www.uualk.com\/\",\"name\":\"eBikes UUALK\",\"description\":\"Bicicletas el\u00e9ctricas UUALK\",\"publisher\":{\"@id\":\"https:\/\/www.uualk.com\/#organization\"},\"potentialAction\":[{\"@type\":\"SearchAction\",\"target\":{\"@type\":\"EntryPoint\",\"urlTemplate\":\"https:\/\/www.uualk.com\/?s={search_term_string}\"},\"query-input\":{\"@type\":\"PropertyValueSpecification\",\"valueRequired\":true,\"valueName\":\"search_term_string\"}}],\"inLanguage\":\"ca\"},{\"@type\":\"Organization\",\"@id\":\"https:\/\/www.uualk.com\/#organization\",\"name\":\"Uualk\",\"url\":\"https:\/\/www.uualk.com\/\",\"logo\":{\"@type\":\"ImageObject\",\"inLanguage\":\"ca\",\"@id\":\"https:\/\/www.uualk.com\/#\/schema\/logo\/image\/\",\"url\":\"https:\/\/www.uualk.com\/uualk.0\/wp-content\/uploads\/uualk-ebikes-logo-1.png\",\"contentUrl\":\"https:\/\/www.uualk.com\/uualk.0\/wp-content\/uploads\/uualk-ebikes-logo-1.png\",\"width\":434,\"height\":102,\"caption\":\"Uualk\"},\"image\":{\"@id\":\"https:\/\/www.uualk.com\/#\/schema\/logo\/image\/\"}}]}<\/script>\n<!-- \/ Yoast SEO plugin. -->","yoast_head_json":{"title":"Portada - eBikes UUALK","robots":{"index":"index","follow":"follow","max-snippet":"max-snippet:-1","max-image-preview":"max-image-preview:large","max-video-preview":"max-video-preview:-1"},"canonical":"https:\/\/www.uualk.com\/ca\/","og_locale":"ca_ES","og_type":"article","og_title":"Portada - eBikes UUALK","og_description":"El teu eBike per a tot I tots! Veure totes les eBikes Per qu\u00e8 una eBike? Una e-bike \u00e9s una bicicleta convencional equipada amb un sistema el\u00e8ctric auxiliar. La bateria proporciona energia a un motor que s&#8217;activa per a ajudar-te, nom\u00e9s si vols, amb solo comen\u00e7ar a pedalar. Per aquesta ra\u00f3, les e-bikes tamb\u00e9 es [&hellip;]","og_url":"https:\/\/www.uualk.com\/ca\/","og_site_name":"eBikes UUALK","twitter_card":"summary_large_image","schema":{"@context":"https:\/\/schema.org","@graph":[{"@type":"WebPage","@id":"https:\/\/www.uualk.com\/ca\/","url":"https:\/\/www.uualk.com\/ca\/","name":"Portada - eBikes UUALK","isPartOf":{"@id":"https:\/\/www.uualk.com\/#website"},"datePublished":"2020-11-03T14:05:41+00:00","breadcrumb":{"@id":"https:\/\/www.uualk.com\/ca\/#breadcrumb"},"inLanguage":"ca","potentialAction":[{"@type":"ReadAction","target":["https:\/\/www.uualk.com\/ca\/"]}]},{"@type":"BreadcrumbList","@id":"https:\/\/www.uualk.com\/ca\/#breadcrumb","itemListElement":[{"@type":"ListItem","position":1,"name":"Home","item":"https:\/\/www.uualk.com\/ca\/"},{"@type":"ListItem","position":2,"name":"Portada"}]},{"@type":"WebSite","@id":"https:\/\/www.uualk.com\/#website","url":"https:\/\/www.uualk.com\/","name":"eBikes UUALK","description":"Bicicletas el\u00e9ctricas UUALK","publisher":{"@id":"https:\/\/www.uualk.com\/#organization"},"potentialAction":[{"@type":"SearchAction","target":{"@type":"EntryPoint","urlTemplate":"https:\/\/www.uualk.com\/?s={search_term_string}"},"query-input":{"@type":"PropertyValueSpecification","valueRequired":true,"valueName":"search_term_string"}}],"inLanguage":"ca"},{"@type":"Organization","@id":"https:\/\/www.uualk.com\/#organization","name":"Uualk","url":"https:\/\/www.uualk.com\/","logo":{"@type":"ImageObject","inLanguage":"ca","@id":"https:\/\/www.uualk.com\/#\/schema\/logo\/image\/","url":"https:\/\/www.uualk.com\/uualk.0\/wp-content\/uploads\/uualk-ebikes-logo-1.png","contentUrl":"https:\/\/www.uualk.com\/uualk.0\/wp-content\/uploads\/uualk-ebikes-logo-1.png","width":434,"height":102,"caption":"Uualk"},"image":{"@id":"https:\/\/www.uualk.com\/#\/schema\/logo\/image\/"}}]}},"_links":{"self":[{"href":"https:\/\/www.uualk.com\/ca\/wp-json\/wp\/v2\/pages\/17089","targetHints":{"allow":["GET"]}}],"collection":[{"href":"https:\/\/www.uualk.com\/ca\/wp-json\/wp\/v2\/pages"}],"about":[{"href":"https:\/\/www.uualk.com\/ca\/wp-json\/wp\/v2\/types\/page"}],"author":[{"embeddable":true,"href":"https:\/\/www.uualk.com\/ca\/wp-json\/wp\/v2\/users\/7"}],"replies":[{"embeddable":true,"href":"https:\/\/www.uualk.com\/ca\/wp-json\/wp\/v2\/comments?post=17089"}],"version-history":[{"count":1,"href":"https:\/\/www.uualk.com\/ca\/wp-json\/wp\/v2\/pages\/17089\/revisions"}],"predecessor-version":[{"id":17090,"href":"https:\/\/www.uualk.com\/ca\/wp-json\/wp\/v2\/pages\/17089\/revisions\/17090"}],"wp:attachment":[{"href":"https:\/\/www.uualk.com\/ca\/wp-json\/wp\/v2\/media?parent=17089"}],"curies":[{"name":"wp","href":"https:\/\/api.w.org\/{rel}","templated":true}]}}