{"id":16972,"date":"2020-10-26T17:47:10","date_gmt":"2020-10-26T16:47:10","guid":{"rendered":"https:\/\/www.uualk.com\/portada\/"},"modified":"2020-11-03T15:04:53","modified_gmt":"2020-11-03T14:04:53","slug":"portada","status":"publish","type":"page","link":"https:\/\/www.uualk.com\/es\/","title":{"rendered":"Portada"},"content":{"rendered":"\t\t<div data-elementor-type=\"wp-page\" data-elementor-id=\"16972\" class=\"elementor elementor-16972 elementor-7929\">\n\t\t\t\t\t\t<section class=\"elementor-section elementor-top-section elementor-element elementor-element-8bba030 elementor-section-boxed elementor-section-height-default elementor-section-height-default\" data-id=\"8bba030\" data-element_type=\"section\" data-settings=\"{&quot;background_background&quot;:&quot;classic&quot;}\">\n\t\t\t\t\t\t\t<div class=\"elementor-background-overlay\"><\/div>\n\t\t\t\t\t\t\t<div class=\"elementor-container elementor-column-gap-wider\">\n\t\t\t\t\t<div class=\"elementor-column elementor-col-100 elementor-top-column elementor-element elementor-element-a0ef33e\" data-id=\"a0ef33e\" data-element_type=\"column\">\n\t\t\t<div class=\"elementor-widget-wrap elementor-element-populated\">\n\t\t\t\t\t\t<div class=\"elementor-element elementor-element-2131741 elementor-widget elementor-widget-heading\" data-id=\"2131741\" data-element_type=\"widget\" data-widget_type=\"heading.default\">\n\t\t\t\t<div class=\"elementor-widget-container\">\n\t\t\t\t\t<h1 class=\"elementor-heading-title elementor-size-default\">Tu eBike para todo<\/h1>\t\t\t\t<\/div>\n\t\t\t\t<\/div>\n\t\t\t\t<div class=\"elementor-element elementor-element-c0e04f8 elementor-widget elementor-widget-heading\" data-id=\"c0e04f8\" data-element_type=\"widget\" data-widget_type=\"heading.default\">\n\t\t\t\t<div class=\"elementor-widget-container\">\n\t\t\t\t\t<h2 class=\"elementor-heading-title elementor-size-default\">Y todos!<\/h2>\t\t\t\t<\/div>\n\t\t\t\t<\/div>\n\t\t\t\t<div class=\"elementor-element elementor-element-1f15c9f elementor-align-center elementor-widget elementor-widget-button\" data-id=\"1f15c9f\" data-element_type=\"widget\" data-widget_type=\"button.default\">\n\t\t\t\t<div class=\"elementor-widget-container\">\n\t\t\t\t\t\t\t\t\t<div class=\"elementor-button-wrapper\">\n\t\t\t\t\t<a class=\"elementor-button elementor-size-xl\" role=\"button\">\n\t\t\t\t\t\t<span class=\"elementor-button-content-wrapper\">\n\t\t\t\t\t\t\t\t\t<span class=\"elementor-button-text\">Ver todas las eBikes<\/span>\n\t\t\t\t\t<\/span>\n\t\t\t\t\t<\/a>\n\t\t\t\t<\/div>\n\t\t\t\t\t\t\t\t<\/div>\n\t\t\t\t<\/div>\n\t\t\t\t\t<\/div>\n\t\t<\/div>\n\t\t\t\t\t<\/div>\n\t\t<\/section>\n\t\t\t\t<section class=\"elementor-section elementor-top-section elementor-element elementor-element-9bb2dfb elementor-section-boxed elementor-section-height-default elementor-section-height-default\" data-id=\"9bb2dfb\" data-element_type=\"section\" data-settings=\"{&quot;background_background&quot;:&quot;classic&quot;}\">\n\t\t\t\t\t\t<div class=\"elementor-container elementor-column-gap-wider\">\n\t\t\t\t\t<div class=\"elementor-column elementor-col-50 elementor-top-column elementor-element elementor-element-57b7f9c\" data-id=\"57b7f9c\" data-element_type=\"column\">\n\t\t\t<div class=\"elementor-widget-wrap elementor-element-populated\">\n\t\t\t\t\t\t<div class=\"elementor-element elementor-element-b10e89f elementor-widget elementor-widget-heading\" data-id=\"b10e89f\" data-element_type=\"widget\" data-widget_type=\"heading.default\">\n\t\t\t\t<div class=\"elementor-widget-container\">\n\t\t\t\t\t<h2 class=\"elementor-heading-title elementor-size-default\">\u00bfPor qu\u00e9 una eBike?<\/h2>\t\t\t\t<\/div>\n\t\t\t\t<\/div>\n\t\t\t\t<div class=\"elementor-element elementor-element-c4436c3 elementor-widget elementor-widget-text-editor\" data-id=\"c4436c3\" data-element_type=\"widget\" data-widget_type=\"text-editor.default\">\n\t\t\t\t<div class=\"elementor-widget-container\">\n\t\t\t\t\t\t\t\t\t<p>Una e-bike es una bicicleta convencional equipada con un sistema el\u00e9ctrico auxiliar. La bater\u00eda proporciona energ\u00eda a un motor que se activa para ayudarte, solo si quieres, con solo empezar a pedalear. Por esta raz\u00f3n, las e-bikes tambi\u00e9n se llaman bicicletas con motor.<\/p>\n\t\t\t\t\t\t\t\t<\/div>\n\t\t\t\t<\/div>\n\t\t\t\t<div class=\"elementor-element elementor-element-66d4fd3 elementor-widget elementor-widget-button\" data-id=\"66d4fd3\" data-element_type=\"widget\" data-widget_type=\"button.default\">\n\t\t\t\t<div class=\"elementor-widget-container\">\n\t\t\t\t\t\t\t\t\t<div class=\"elementor-button-wrapper\">\n\t\t\t\t\t<a class=\"elementor-button elementor-size-xl\" role=\"button\">\n\t\t\t\t\t\t<span class=\"elementor-button-content-wrapper\">\n\t\t\t\t\t\t\t\t\t<span class=\"elementor-button-text\">Ver todas las eBikes<\/span>\n\t\t\t\t\t<\/span>\n\t\t\t\t\t<\/a>\n\t\t\t\t<\/div>\n\t\t\t\t\t\t\t\t<\/div>\n\t\t\t\t<\/div>\n\t\t\t\t\t<\/div>\n\t\t<\/div>\n\t\t\t\t<div class=\"elementor-column elementor-col-50 elementor-top-column elementor-element elementor-element-6a57a11\" data-id=\"6a57a11\" data-element_type=\"column\" data-settings=\"{&quot;background_background&quot;:&quot;classic&quot;}\">\n\t\t\t<div class=\"elementor-widget-wrap elementor-element-populated\">\n\t\t\t\t\t\t<div class=\"elementor-element elementor-element-33b8b38 elementor-widget elementor-widget-spacer\" data-id=\"33b8b38\" data-element_type=\"widget\" data-widget_type=\"spacer.default\">\n\t\t\t\t<div class=\"elementor-widget-container\">\n\t\t\t\t\t\t\t<div class=\"elementor-spacer\">\n\t\t\t<div class=\"elementor-spacer-inner\"><\/div>\n\t\t<\/div>\n\t\t\t\t\t\t<\/div>\n\t\t\t\t<\/div>\n\t\t\t\t\t<\/div>\n\t\t<\/div>\n\t\t\t\t\t<\/div>\n\t\t<\/section>\n\t\t\t\t<section class=\"elementor-section elementor-top-section elementor-element elementor-element-9a228c0 elementor-section-boxed elementor-section-height-default elementor-section-height-default\" data-id=\"9a228c0\" data-element_type=\"section\" data-settings=\"{&quot;background_background&quot;:&quot;classic&quot;}\">\n\t\t\t\t\t\t\t<div class=\"elementor-background-overlay\"><\/div>\n\t\t\t\t\t\t\t<div class=\"elementor-container elementor-column-gap-wider\">\n\t\t\t\t\t<div class=\"elementor-column elementor-col-100 elementor-top-column elementor-element elementor-element-d67bf11\" data-id=\"d67bf11\" data-element_type=\"column\">\n\t\t\t<div class=\"elementor-widget-wrap elementor-element-populated\">\n\t\t\t\t\t\t<div class=\"elementor-element elementor-element-5b40c74 elementor-widget elementor-widget-heading\" data-id=\"5b40c74\" data-element_type=\"widget\" data-widget_type=\"heading.default\">\n\t\t\t\t<div class=\"elementor-widget-container\">\n\t\t\t\t\t<h2 class=\"elementor-heading-title elementor-size-default\">Nuestros productos<\/h2>\t\t\t\t<\/div>\n\t\t\t\t<\/div>\n\t\t\t\t<div class=\"elementor-element elementor-element-910bcbb elementor-widget elementor-widget-woocommerce-products\" data-id=\"910bcbb\" data-element_type=\"widget\" data-widget_type=\"woocommerce-products.default\">\n\t\t\t\t<div class=\"elementor-widget-container\">\n\t\t\t\t\t \t\t\t\t<\/div>\n\t\t\t\t<\/div>\n\t\t\t\t\t<\/div>\n\t\t<\/div>\n\t\t\t\t\t<\/div>\n\t\t<\/section>\n\t\t\t\t<\/div>\n\t\t","protected":false},"excerpt":{"rendered":"<p>Tu eBike para todo Y todos! Ver todas las eBikes \u00bfPor qu\u00e9 una eBike? Una e-bike es una bicicleta convencional equipada con un sistema el\u00e9ctrico auxiliar. La bater\u00eda proporciona energ\u00eda a un motor que se activa para ayudarte, solo si quieres, con solo empezar a pedalear. Por esta raz\u00f3n, las e-bikes tambi\u00e9n se llaman bicicletas [&hellip;]<\/p>\n","protected":false},"author":7,"featured_media":0,"parent":0,"menu_order":0,"comment_status":"closed","ping_status":"closed","template":"elementor_header_footer","meta":{"footnotes":""},"class_list":["post-16972","page","type-page","status-publish","hentry"],"yoast_head":"<!-- This site is optimized with the Yoast SEO plugin v26.1.1 - https:\/\/yoast.com\/wordpress\/plugins\/seo\/ -->\n<title>Portada - eBikes UUALK<\/title>\n<meta name=\"robots\" content=\"index, follow, max-snippet:-1, max-image-preview:large, max-video-preview:-1\" \/>\n<link rel=\"canonical\" href=\"https:\/\/www.uualk.com\/\" \/>\n<meta property=\"og:locale\" content=\"es_ES\" \/>\n<meta property=\"og:type\" content=\"article\" \/>\n<meta property=\"og:title\" content=\"Portada - eBikes UUALK\" \/>\n<meta property=\"og:description\" content=\"Tu eBike para todo Y todos! Ver todas las eBikes \u00bfPor qu\u00e9 una eBike? Una e-bike es una bicicleta convencional equipada con un sistema el\u00e9ctrico auxiliar. La bater\u00eda proporciona energ\u00eda a un motor que se activa para ayudarte, solo si quieres, con solo empezar a pedalear. Por esta raz\u00f3n, las e-bikes tambi\u00e9n se llaman bicicletas [&hellip;]\" \/>\n<meta property=\"og:url\" content=\"https:\/\/www.uualk.com\/\" \/>\n<meta property=\"og:site_name\" content=\"eBikes UUALK\" \/>\n<meta property=\"article:modified_time\" content=\"2020-11-03T14:04:53+00:00\" \/>\n<meta name=\"twitter:card\" content=\"summary_large_image\" \/>\n<script type=\"application\/ld+json\" class=\"yoast-schema-graph\">{\"@context\":\"https:\/\/schema.org\",\"@graph\":[{\"@type\":\"WebPage\",\"@id\":\"https:\/\/www.uualk.com\/\",\"url\":\"https:\/\/www.uualk.com\/\",\"name\":\"Portada - eBikes UUALK\",\"isPartOf\":{\"@id\":\"https:\/\/www.uualk.com\/#website\"},\"datePublished\":\"2020-10-26T16:47:10+00:00\",\"dateModified\":\"2020-11-03T14:04:53+00:00\",\"breadcrumb\":{\"@id\":\"https:\/\/www.uualk.com\/#breadcrumb\"},\"inLanguage\":\"es\",\"potentialAction\":[{\"@type\":\"ReadAction\",\"target\":[\"https:\/\/www.uualk.com\/\"]}]},{\"@type\":\"BreadcrumbList\",\"@id\":\"https:\/\/www.uualk.com\/#breadcrumb\",\"itemListElement\":[{\"@type\":\"ListItem\",\"position\":1,\"name\":\"Home\",\"item\":\"https:\/\/www.uualk.com\/\"},{\"@type\":\"ListItem\",\"position\":2,\"name\":\"Portada\"}]},{\"@type\":\"WebSite\",\"@id\":\"https:\/\/www.uualk.com\/#website\",\"url\":\"https:\/\/www.uualk.com\/\",\"name\":\"eBikes UUALK\",\"description\":\"Bicicletas el\u00e9ctricas UUALK\",\"publisher\":{\"@id\":\"https:\/\/www.uualk.com\/#organization\"},\"potentialAction\":[{\"@type\":\"SearchAction\",\"target\":{\"@type\":\"EntryPoint\",\"urlTemplate\":\"https:\/\/www.uualk.com\/?s={search_term_string}\"},\"query-input\":{\"@type\":\"PropertyValueSpecification\",\"valueRequired\":true,\"valueName\":\"search_term_string\"}}],\"inLanguage\":\"es\"},{\"@type\":\"Organization\",\"@id\":\"https:\/\/www.uualk.com\/#organization\",\"name\":\"Uualk\",\"url\":\"https:\/\/www.uualk.com\/\",\"logo\":{\"@type\":\"ImageObject\",\"inLanguage\":\"es\",\"@id\":\"https:\/\/www.uualk.com\/#\/schema\/logo\/image\/\",\"url\":\"https:\/\/www.uualk.com\/uualk.0\/wp-content\/uploads\/uualk-ebikes-logo-1.png\",\"contentUrl\":\"https:\/\/www.uualk.com\/uualk.0\/wp-content\/uploads\/uualk-ebikes-logo-1.png\",\"width\":434,\"height\":102,\"caption\":\"Uualk\"},\"image\":{\"@id\":\"https:\/\/www.uualk.com\/#\/schema\/logo\/image\/\"}}]}<\/script>\n<!-- \/ Yoast SEO plugin. -->","yoast_head_json":{"title":"Portada - eBikes UUALK","robots":{"index":"index","follow":"follow","max-snippet":"max-snippet:-1","max-image-preview":"max-image-preview:large","max-video-preview":"max-video-preview:-1"},"canonical":"https:\/\/www.uualk.com\/","og_locale":"es_ES","og_type":"article","og_title":"Portada - eBikes UUALK","og_description":"Tu eBike para todo Y todos! Ver todas las eBikes \u00bfPor qu\u00e9 una eBike? Una e-bike es una bicicleta convencional equipada con un sistema el\u00e9ctrico auxiliar. La bater\u00eda proporciona energ\u00eda a un motor que se activa para ayudarte, solo si quieres, con solo empezar a pedalear. Por esta raz\u00f3n, las e-bikes tambi\u00e9n se llaman bicicletas [&hellip;]","og_url":"https:\/\/www.uualk.com\/","og_site_name":"eBikes UUALK","article_modified_time":"2020-11-03T14:04:53+00:00","twitter_card":"summary_large_image","schema":{"@context":"https:\/\/schema.org","@graph":[{"@type":"WebPage","@id":"https:\/\/www.uualk.com\/","url":"https:\/\/www.uualk.com\/","name":"Portada - eBikes UUALK","isPartOf":{"@id":"https:\/\/www.uualk.com\/#website"},"datePublished":"2020-10-26T16:47:10+00:00","dateModified":"2020-11-03T14:04:53+00:00","breadcrumb":{"@id":"https:\/\/www.uualk.com\/#breadcrumb"},"inLanguage":"es","potentialAction":[{"@type":"ReadAction","target":["https:\/\/www.uualk.com\/"]}]},{"@type":"BreadcrumbList","@id":"https:\/\/www.uualk.com\/#breadcrumb","itemListElement":[{"@type":"ListItem","position":1,"name":"Home","item":"https:\/\/www.uualk.com\/"},{"@type":"ListItem","position":2,"name":"Portada"}]},{"@type":"WebSite","@id":"https:\/\/www.uualk.com\/#website","url":"https:\/\/www.uualk.com\/","name":"eBikes UUALK","description":"Bicicletas el\u00e9ctricas UUALK","publisher":{"@id":"https:\/\/www.uualk.com\/#organization"},"potentialAction":[{"@type":"SearchAction","target":{"@type":"EntryPoint","urlTemplate":"https:\/\/www.uualk.com\/?s={search_term_string}"},"query-input":{"@type":"PropertyValueSpecification","valueRequired":true,"valueName":"search_term_string"}}],"inLanguage":"es"},{"@type":"Organization","@id":"https:\/\/www.uualk.com\/#organization","name":"Uualk","url":"https:\/\/www.uualk.com\/","logo":{"@type":"ImageObject","inLanguage":"es","@id":"https:\/\/www.uualk.com\/#\/schema\/logo\/image\/","url":"https:\/\/www.uualk.com\/uualk.0\/wp-content\/uploads\/uualk-ebikes-logo-1.png","contentUrl":"https:\/\/www.uualk.com\/uualk.0\/wp-content\/uploads\/uualk-ebikes-logo-1.png","width":434,"height":102,"caption":"Uualk"},"image":{"@id":"https:\/\/www.uualk.com\/#\/schema\/logo\/image\/"}}]}},"_links":{"self":[{"href":"https:\/\/www.uualk.com\/es\/wp-json\/wp\/v2\/pages\/16972","targetHints":{"allow":["GET"]}}],"collection":[{"href":"https:\/\/www.uualk.com\/es\/wp-json\/wp\/v2\/pages"}],"about":[{"href":"https:\/\/www.uualk.com\/es\/wp-json\/wp\/v2\/types\/page"}],"author":[{"embeddable":true,"href":"https:\/\/www.uualk.com\/es\/wp-json\/wp\/v2\/users\/7"}],"replies":[{"embeddable":true,"href":"https:\/\/www.uualk.com\/es\/wp-json\/wp\/v2\/comments?post=16972"}],"version-history":[{"count":2,"href":"https:\/\/www.uualk.com\/es\/wp-json\/wp\/v2\/pages\/16972\/revisions"}],"predecessor-version":[{"id":17088,"href":"https:\/\/www.uualk.com\/es\/wp-json\/wp\/v2\/pages\/16972\/revisions\/17088"}],"wp:attachment":[{"href":"https:\/\/www.uualk.com\/es\/wp-json\/wp\/v2\/media?parent=16972"}],"curies":[{"name":"wp","href":"https:\/\/api.w.org\/{rel}","templated":true}]}}