{"id":17092,"date":"2020-11-12T16:32:30","date_gmt":"2020-11-12T15:32:30","guid":{"rendered":"https:\/\/www.uualk.com\/nosotros\/"},"modified":"2020-11-12T16:32:31","modified_gmt":"2020-11-12T15:32:31","slug":"nosotros","status":"publish","type":"page","link":"https:\/\/www.uualk.com\/es\/nosotros\/","title":{"rendered":"Nosotros"},"content":{"rendered":"\t\t<div data-elementor-type=\"wp-page\" data-elementor-id=\"17092\" class=\"elementor elementor-17092 elementor-73\">\n\t\t\t\t\t\t<section class=\"elementor-section elementor-top-section elementor-element elementor-element-e16b9be elementor-section-boxed elementor-section-height-default elementor-section-height-default\" data-id=\"e16b9be\" data-element_type=\"section\" data-settings=\"{&quot;background_background&quot;:&quot;classic&quot;}\">\n\t\t\t\t\t\t\t<div class=\"elementor-background-overlay\"><\/div>\n\t\t\t\t\t\t\t<div class=\"elementor-container elementor-column-gap-wider\">\n\t\t\t\t\t<div class=\"elementor-column elementor-col-100 elementor-top-column elementor-element elementor-element-71fb662\" data-id=\"71fb662\" data-element_type=\"column\">\n\t\t\t<div class=\"elementor-widget-wrap elementor-element-populated\">\n\t\t\t\t\t\t<div class=\"elementor-element elementor-element-c1c8786 elementor-widget elementor-widget-theme-post-title\" data-id=\"c1c8786\" data-element_type=\"widget\" data-widget_type=\"theme-post-title.default\">\n\t\t\t\t<div class=\"elementor-widget-container\">\n\t\t\t\t\t \t\t\t\t<\/div>\n\t\t\t\t<\/div>\n\t\t\t\t\t<\/div>\n\t\t<\/div>\n\t\t\t\t\t<\/div>\n\t\t<\/section>\n\t\t\t\t<section class=\"elementor-section elementor-top-section elementor-element elementor-element-845d263 elementor-section-boxed elementor-section-height-default elementor-section-height-default\" data-id=\"845d263\" data-element_type=\"section\" data-settings=\"{&quot;background_background&quot;:&quot;classic&quot;}\">\n\t\t\t\t\t\t<div class=\"elementor-container elementor-column-gap-wider\">\n\t\t\t\t\t<div class=\"elementor-column elementor-col-100 elementor-top-column elementor-element elementor-element-80c5958\" data-id=\"80c5958\" data-element_type=\"column\">\n\t\t\t<div class=\"elementor-widget-wrap elementor-element-populated\">\n\t\t\t\t\t\t<div class=\"elementor-element elementor-element-7c3caa1 elementor-widget elementor-widget-text-editor\" data-id=\"7c3caa1\" data-element_type=\"widget\" data-widget_type=\"text-editor.default\">\n\t\t\t\t<div class=\"elementor-widget-container\">\n\t\t\t\t\t\t\t\t\t<p>UUALK es una joven y ambiciosa empresa internacional nacida del deseo de revolucionar la e-movilidad urbana. Las sucursales de UUALK se encuentran en Europa, Am\u00e9rica Latina y Asia. Contamos con el apoyo de una extensa red internacional de distribuidores para llegar a los clientes localmente.<\/p>\n<p>Un buen proyecto debe basarse en bases s\u00f3lidas y claras:<\/p>\n\t\t\t\t\t\t\t\t<\/div>\n\t\t\t\t<\/div>\n\t\t\t\t<section class=\"elementor-section elementor-inner-section elementor-element elementor-element-d9bbd65 elementor-section-boxed elementor-section-height-default elementor-section-height-default\" data-id=\"d9bbd65\" data-element_type=\"section\">\n\t\t\t\t\t\t<div class=\"elementor-container elementor-column-gap-wider\">\n\t\t\t\t\t<div class=\"elementor-column elementor-col-20 elementor-inner-column elementor-element elementor-element-95fb919\" data-id=\"95fb919\" data-element_type=\"column\">\n\t\t\t<div class=\"elementor-widget-wrap elementor-element-populated\">\n\t\t\t\t\t\t<div class=\"elementor-element elementor-element-77d0549 elementor-view-default elementor-position-top elementor-mobile-position-top elementor-widget elementor-widget-icon-box\" data-id=\"77d0549\" data-element_type=\"widget\" data-widget_type=\"icon-box.default\">\n\t\t\t\t<div class=\"elementor-widget-container\">\n\t\t\t\t\t\t\t<div class=\"elementor-icon-box-wrapper\">\n\n\t\t\t\t\t\t<div class=\"elementor-icon-box-icon\">\n\t\t\t\t<span  class=\"elementor-icon\">\n\t\t\t\t<i aria-hidden=\"true\" class=\"fas fa-circle\"><\/i>\t\t\t\t<\/span>\n\t\t\t<\/div>\n\t\t\t\n\t\t\t\t\t\t<div class=\"elementor-icon-box-content\">\n\n\t\t\t\t\t\t\t\t\t<h3 class=\"elementor-icon-box-title\">\n\t\t\t\t\t\t<span  >\n\t\t\t\t\t\t\tSimplicidad\t\t\t\t\t\t<\/span>\n\t\t\t\t\t<\/h3>\n\t\t\t\t\n\t\t\t\t\t\t\t\t\t<p class=\"elementor-icon-box-description\">\n\t\t\t\t\t\tLas mejores soluciones vienen de dise\u00f1os simples\t\t\t\t\t<\/p>\n\t\t\t\t\n\t\t\t<\/div>\n\t\t\t\n\t\t<\/div>\n\t\t\t\t\t\t<\/div>\n\t\t\t\t<\/div>\n\t\t\t\t\t<\/div>\n\t\t<\/div>\n\t\t\t\t<div class=\"elementor-column elementor-col-20 elementor-inner-column elementor-element elementor-element-2340b88\" data-id=\"2340b88\" data-element_type=\"column\">\n\t\t\t<div class=\"elementor-widget-wrap elementor-element-populated\">\n\t\t\t\t\t\t<div class=\"elementor-element elementor-element-fa57972 elementor-view-default elementor-position-top elementor-mobile-position-top elementor-widget elementor-widget-icon-box\" data-id=\"fa57972\" data-element_type=\"widget\" data-widget_type=\"icon-box.default\">\n\t\t\t\t<div class=\"elementor-widget-container\">\n\t\t\t\t\t\t\t<div class=\"elementor-icon-box-wrapper\">\n\n\t\t\t\t\t\t<div class=\"elementor-icon-box-icon\">\n\t\t\t\t<span  class=\"elementor-icon\">\n\t\t\t\t<i aria-hidden=\"true\" class=\"fas fa-check-circle\"><\/i>\t\t\t\t<\/span>\n\t\t\t<\/div>\n\t\t\t\n\t\t\t\t\t\t<div class=\"elementor-icon-box-content\">\n\n\t\t\t\t\t\t\t\t\t<h3 class=\"elementor-icon-box-title\">\n\t\t\t\t\t\t<span  >\n\t\t\t\t\t\t\tEficiencia\t\t\t\t\t\t<\/span>\n\t\t\t\t\t<\/h3>\n\t\t\t\t\n\t\t\t\t\t\t\t\t\t<p class=\"elementor-icon-box-description\">\n\t\t\t\t\t\tPara lograr un buen servicio y producto\t\t\t\t\t<\/p>\n\t\t\t\t\n\t\t\t<\/div>\n\t\t\t\n\t\t<\/div>\n\t\t\t\t\t\t<\/div>\n\t\t\t\t<\/div>\n\t\t\t\t\t<\/div>\n\t\t<\/div>\n\t\t\t\t<div class=\"elementor-column elementor-col-20 elementor-inner-column elementor-element elementor-element-8de20dc\" data-id=\"8de20dc\" data-element_type=\"column\">\n\t\t\t<div class=\"elementor-widget-wrap elementor-element-populated\">\n\t\t\t\t\t\t<div class=\"elementor-element elementor-element-0e46161 elementor-view-default elementor-position-top elementor-mobile-position-top elementor-widget elementor-widget-icon-box\" data-id=\"0e46161\" data-element_type=\"widget\" data-widget_type=\"icon-box.default\">\n\t\t\t\t<div class=\"elementor-widget-container\">\n\t\t\t\t\t\t\t<div class=\"elementor-icon-box-wrapper\">\n\n\t\t\t\t\t\t<div class=\"elementor-icon-box-icon\">\n\t\t\t\t<span  class=\"elementor-icon\">\n\t\t\t\t<i aria-hidden=\"true\" class=\"fas fa-lock\"><\/i>\t\t\t\t<\/span>\n\t\t\t<\/div>\n\t\t\t\n\t\t\t\t\t\t<div class=\"elementor-icon-box-content\">\n\n\t\t\t\t\t\t\t\t\t<h3 class=\"elementor-icon-box-title\">\n\t\t\t\t\t\t<span  >\n\t\t\t\t\t\t\tSeguridad\t\t\t\t\t\t<\/span>\n\t\t\t\t\t<\/h3>\n\t\t\t\t\n\t\t\t\t\t\t\t\t\t<p class=\"elementor-icon-box-description\">\n\t\t\t\t\t\tComponentes y software confiables para un m\u00e1ximo control\t\t\t\t\t<\/p>\n\t\t\t\t\n\t\t\t<\/div>\n\t\t\t\n\t\t<\/div>\n\t\t\t\t\t\t<\/div>\n\t\t\t\t<\/div>\n\t\t\t\t\t<\/div>\n\t\t<\/div>\n\t\t\t\t<div class=\"elementor-column elementor-col-20 elementor-inner-column elementor-element elementor-element-5b71ad5\" data-id=\"5b71ad5\" data-element_type=\"column\">\n\t\t\t<div class=\"elementor-widget-wrap elementor-element-populated\">\n\t\t\t\t\t\t<div class=\"elementor-element elementor-element-32f6f12 elementor-view-default elementor-position-top elementor-mobile-position-top elementor-widget elementor-widget-icon-box\" data-id=\"32f6f12\" data-element_type=\"widget\" data-widget_type=\"icon-box.default\">\n\t\t\t\t<div class=\"elementor-widget-container\">\n\t\t\t\t\t\t\t<div class=\"elementor-icon-box-wrapper\">\n\n\t\t\t\t\t\t<div class=\"elementor-icon-box-icon\">\n\t\t\t\t<span  class=\"elementor-icon\">\n\t\t\t\t<i aria-hidden=\"true\" class=\"fas fa-tree\"><\/i>\t\t\t\t<\/span>\n\t\t\t<\/div>\n\t\t\t\n\t\t\t\t\t\t<div class=\"elementor-icon-box-content\">\n\n\t\t\t\t\t\t\t\t\t<h3 class=\"elementor-icon-box-title\">\n\t\t\t\t\t\t<span  >\n\t\t\t\t\t\t\tEcol\u00f3gico\t\t\t\t\t\t<\/span>\n\t\t\t\t\t<\/h3>\n\t\t\t\t\n\t\t\t\t\t\t\t\t\t<p class=\"elementor-icon-box-description\">\n\t\t\t\t\t\tAyudar a la gente a respetar el medio ambiente\t\t\t\t\t<\/p>\n\t\t\t\t\n\t\t\t<\/div>\n\t\t\t\n\t\t<\/div>\n\t\t\t\t\t\t<\/div>\n\t\t\t\t<\/div>\n\t\t\t\t\t<\/div>\n\t\t<\/div>\n\t\t\t\t<div class=\"elementor-column elementor-col-20 elementor-inner-column elementor-element elementor-element-0a4607e\" data-id=\"0a4607e\" data-element_type=\"column\">\n\t\t\t<div class=\"elementor-widget-wrap elementor-element-populated\">\n\t\t\t\t\t\t<div class=\"elementor-element elementor-element-9d2f4d3 elementor-view-default elementor-position-top elementor-mobile-position-top elementor-widget elementor-widget-icon-box\" data-id=\"9d2f4d3\" data-element_type=\"widget\" data-widget_type=\"icon-box.default\">\n\t\t\t\t<div class=\"elementor-widget-container\">\n\t\t\t\t\t\t\t<div class=\"elementor-icon-box-wrapper\">\n\n\t\t\t\t\t\t<div class=\"elementor-icon-box-icon\">\n\t\t\t\t<span  class=\"elementor-icon\">\n\t\t\t\t<i aria-hidden=\"true\" class=\"fas fa-hands-helping\"><\/i>\t\t\t\t<\/span>\n\t\t\t<\/div>\n\t\t\t\n\t\t\t\t\t\t<div class=\"elementor-icon-box-content\">\n\n\t\t\t\t\t\t\t\t\t<h3 class=\"elementor-icon-box-title\">\n\t\t\t\t\t\t<span  >\n\t\t\t\t\t\t\tValor\t\t\t\t\t\t<\/span>\n\t\t\t\t\t<\/h3>\n\t\t\t\t\n\t\t\t\t\t\t\t\t\t<p class=\"elementor-icon-box-description\">\n\t\t\t\t\t\tProductos asequibles que cambiar\u00e1n su vida diaria\t\t\t\t\t<\/p>\n\t\t\t\t\n\t\t\t<\/div>\n\t\t\t\n\t\t<\/div>\n\t\t\t\t\t\t<\/div>\n\t\t\t\t<\/div>\n\t\t\t\t\t<\/div>\n\t\t<\/div>\n\t\t\t\t\t<\/div>\n\t\t<\/section>\n\t\t\t\t<div class=\"elementor-element elementor-element-c90d717 elementor-widget elementor-widget-text-editor\" data-id=\"c90d717\" data-element_type=\"widget\" data-widget_type=\"text-editor.default\">\n\t\t\t\t<div class=\"elementor-widget-container\">\n\t\t\t\t\t\t\t\t\t<p>La empresa fue creada en 2012 por un grupo de ingenieros con una experiencia consolidada en el dise\u00f1o y desarrollo de productos, y varios expertos en gesti\u00f3n empresarial que comparten la misma idea: el uso de la bicicleta como medio de transporte diario, para mantenerse en forma y al mismo tiempo respetar el medio ambiente. El objetivo de UUALK es ofrecer una bicicleta fiable y asequible al alcance de muchas personas. Todos los modelos UUALK est\u00e1n equipados con el sistema de sensor de par que asegura la suavidad de pedaleo y un esfuerzo regulado para el ciclista. En realidad, las bicicletas UUALK se producen en Europa para ofrecer un servicio personalizado.<\/p>\n<p>UUALK est\u00e1 constantemente investigando y creando nuevas y flexibles soluciones para las necesidades de la e-movilidad. El dise\u00f1o de las ebikes UUALK recibe una atenci\u00f3n especial ya que queremos promover el talento de muchos artistas de Barcelona para hacer de su ebike algo \u00fanico.<\/p>\n<p>Uualk colabora en diferentes proyectos de movilidad:<\/p>\n\t\t\t\t\t\t\t\t<\/div>\n\t\t\t\t<\/div>\n\t\t\t\t<div class=\"elementor-element elementor-element-c1c2332 elementor-widget elementor-widget-image\" data-id=\"c1c2332\" data-element_type=\"widget\" data-widget_type=\"image.default\">\n\t\t\t\t<div class=\"elementor-widget-container\">\n\t\t\t\t\t\t\t\t\t\t\t\t\t\t\t<img decoding=\"async\" src=\"https:\/\/www.uualk.com\/uualk.0\/wp-content\/uploads\/elementor\/thumbs\/bateria-de-peanas-oxhimmk3l45s2sipy7r66w66d1flkrpa5e4kpmugnk.jpg\" title=\"bateria-de-peanas\" alt=\"bateria-de-peanas\" loading=\"lazy\" \/>\t\t\t\t\t\t\t\t\t\t\t\t\t\t\t<\/div>\n\t\t\t\t<\/div>\n\t\t\t\t\t<\/div>\n\t\t<\/div>\n\t\t\t\t\t<\/div>\n\t\t<\/section>\n\t\t\t\t<\/div>\n\t\t","protected":false},"excerpt":{"rendered":"<p>UUALK es una joven y ambiciosa empresa internacional nacida del deseo de revolucionar la e-movilidad urbana. Las sucursales de UUALK se encuentran en Europa, Am\u00e9rica Latina y Asia. Contamos con el apoyo de una extensa red internacional de distribuidores para llegar a los clientes localmente. Un buen proyecto debe basarse en bases s\u00f3lidas y claras: [&hellip;]<\/p>\n","protected":false},"author":1,"featured_media":0,"parent":0,"menu_order":0,"comment_status":"open","ping_status":"closed","template":"elementor_header_footer","meta":{"footnotes":""},"class_list":["post-17092","page","type-page","status-publish","hentry"],"yoast_head":"<!-- This site is optimized with the Yoast SEO plugin v26.1.1 - https:\/\/yoast.com\/wordpress\/plugins\/seo\/ -->\n<title>Nosotros - eBikes UUALK<\/title>\n<meta name=\"robots\" content=\"index, follow, max-snippet:-1, max-image-preview:large, max-video-preview:-1\" \/>\n<link rel=\"canonical\" href=\"https:\/\/www.uualk.com\/about-us\/\" \/>\n<meta property=\"og:locale\" content=\"es_ES\" \/>\n<meta property=\"og:type\" content=\"article\" \/>\n<meta property=\"og:title\" content=\"Nosotros - eBikes UUALK\" \/>\n<meta property=\"og:description\" content=\"UUALK es una joven y ambiciosa empresa internacional nacida del deseo de revolucionar la e-movilidad urbana. Las sucursales de UUALK se encuentran en Europa, Am\u00e9rica Latina y Asia. Contamos con el apoyo de una extensa red internacional de distribuidores para llegar a los clientes localmente. Un buen proyecto debe basarse en bases s\u00f3lidas y claras: [&hellip;]\" \/>\n<meta property=\"og:url\" content=\"https:\/\/www.uualk.com\/about-us\/\" \/>\n<meta property=\"og:site_name\" content=\"eBikes UUALK\" \/>\n<meta property=\"article:modified_time\" content=\"2020-11-12T15:32:31+00:00\" \/>\n<meta property=\"og:image\" content=\"https:\/\/www.uualk.com\/uualk.0\/wp-content\/uploads\/elementor\/thumbs\/bateria-de-peanas-oxhimmk3l45s2sipy7r66w66d1flkrpa5e4kpmugnk.jpg\" \/>\n<meta name=\"twitter:card\" content=\"summary_large_image\" \/>\n<meta name=\"twitter:label1\" content=\"Tiempo de lectura\" \/>\n\t<meta name=\"twitter:data1\" content=\"1 minuto\" \/>\n<script type=\"application\/ld+json\" class=\"yoast-schema-graph\">{\"@context\":\"https:\/\/schema.org\",\"@graph\":[{\"@type\":\"WebPage\",\"@id\":\"https:\/\/www.uualk.com\/about-us\/\",\"url\":\"https:\/\/www.uualk.com\/about-us\/\",\"name\":\"Nosotros - eBikes UUALK\",\"isPartOf\":{\"@id\":\"https:\/\/www.uualk.com\/#website\"},\"primaryImageOfPage\":{\"@id\":\"https:\/\/www.uualk.com\/about-us\/#primaryimage\"},\"image\":{\"@id\":\"https:\/\/www.uualk.com\/about-us\/#primaryimage\"},\"thumbnailUrl\":\"https:\/\/www.uualk.com\/uualk.0\/wp-content\/uploads\/elementor\/thumbs\/bateria-de-peanas-oxhimmk3l45s2sipy7r66w66d1flkrpa5e4kpmugnk.jpg\",\"datePublished\":\"2020-11-12T15:32:30+00:00\",\"dateModified\":\"2020-11-12T15:32:31+00:00\",\"breadcrumb\":{\"@id\":\"https:\/\/www.uualk.com\/about-us\/#breadcrumb\"},\"inLanguage\":\"es\",\"potentialAction\":[{\"@type\":\"ReadAction\",\"target\":[\"https:\/\/www.uualk.com\/about-us\/\"]}]},{\"@type\":\"ImageObject\",\"inLanguage\":\"es\",\"@id\":\"https:\/\/www.uualk.com\/about-us\/#primaryimage\",\"url\":\"https:\/\/www.uualk.com\/uualk.0\/wp-content\/uploads\/elementor\/thumbs\/bateria-de-peanas-oxhimmk3l45s2sipy7r66w66d1flkrpa5e4kpmugnk.jpg\",\"contentUrl\":\"https:\/\/www.uualk.com\/uualk.0\/wp-content\/uploads\/elementor\/thumbs\/bateria-de-peanas-oxhimmk3l45s2sipy7r66w66d1flkrpa5e4kpmugnk.jpg\"},{\"@type\":\"BreadcrumbList\",\"@id\":\"https:\/\/www.uualk.com\/about-us\/#breadcrumb\",\"itemListElement\":[{\"@type\":\"ListItem\",\"position\":1,\"name\":\"Home\",\"item\":\"https:\/\/www.uualk.com\/\"},{\"@type\":\"ListItem\",\"position\":2,\"name\":\"Nosotros\"}]},{\"@type\":\"WebSite\",\"@id\":\"https:\/\/www.uualk.com\/#website\",\"url\":\"https:\/\/www.uualk.com\/\",\"name\":\"eBikes UUALK\",\"description\":\"Bicicletas el\u00e9ctricas UUALK\",\"publisher\":{\"@id\":\"https:\/\/www.uualk.com\/#organization\"},\"potentialAction\":[{\"@type\":\"SearchAction\",\"target\":{\"@type\":\"EntryPoint\",\"urlTemplate\":\"https:\/\/www.uualk.com\/?s={search_term_string}\"},\"query-input\":{\"@type\":\"PropertyValueSpecification\",\"valueRequired\":true,\"valueName\":\"search_term_string\"}}],\"inLanguage\":\"es\"},{\"@type\":\"Organization\",\"@id\":\"https:\/\/www.uualk.com\/#organization\",\"name\":\"Uualk\",\"url\":\"https:\/\/www.uualk.com\/\",\"logo\":{\"@type\":\"ImageObject\",\"inLanguage\":\"es\",\"@id\":\"https:\/\/www.uualk.com\/#\/schema\/logo\/image\/\",\"url\":\"https:\/\/www.uualk.com\/uualk.0\/wp-content\/uploads\/uualk-ebikes-logo-1.png\",\"contentUrl\":\"https:\/\/www.uualk.com\/uualk.0\/wp-content\/uploads\/uualk-ebikes-logo-1.png\",\"width\":434,\"height\":102,\"caption\":\"Uualk\"},\"image\":{\"@id\":\"https:\/\/www.uualk.com\/#\/schema\/logo\/image\/\"}}]}<\/script>\n<!-- \/ Yoast SEO plugin. -->","yoast_head_json":{"title":"Nosotros - eBikes UUALK","robots":{"index":"index","follow":"follow","max-snippet":"max-snippet:-1","max-image-preview":"max-image-preview:large","max-video-preview":"max-video-preview:-1"},"canonical":"https:\/\/www.uualk.com\/about-us\/","og_locale":"es_ES","og_type":"article","og_title":"Nosotros - eBikes UUALK","og_description":"UUALK es una joven y ambiciosa empresa internacional nacida del deseo de revolucionar la e-movilidad urbana. Las sucursales de UUALK se encuentran en Europa, Am\u00e9rica Latina y Asia. Contamos con el apoyo de una extensa red internacional de distribuidores para llegar a los clientes localmente. Un buen proyecto debe basarse en bases s\u00f3lidas y claras: [&hellip;]","og_url":"https:\/\/www.uualk.com\/about-us\/","og_site_name":"eBikes UUALK","article_modified_time":"2020-11-12T15:32:31+00:00","og_image":[{"url":"https:\/\/www.uualk.com\/uualk.0\/wp-content\/uploads\/elementor\/thumbs\/bateria-de-peanas-oxhimmk3l45s2sipy7r66w66d1flkrpa5e4kpmugnk.jpg","type":"","width":"","height":""}],"twitter_card":"summary_large_image","twitter_misc":{"Tiempo de lectura":"1 minuto"},"schema":{"@context":"https:\/\/schema.org","@graph":[{"@type":"WebPage","@id":"https:\/\/www.uualk.com\/about-us\/","url":"https:\/\/www.uualk.com\/about-us\/","name":"Nosotros - eBikes UUALK","isPartOf":{"@id":"https:\/\/www.uualk.com\/#website"},"primaryImageOfPage":{"@id":"https:\/\/www.uualk.com\/about-us\/#primaryimage"},"image":{"@id":"https:\/\/www.uualk.com\/about-us\/#primaryimage"},"thumbnailUrl":"https:\/\/www.uualk.com\/uualk.0\/wp-content\/uploads\/elementor\/thumbs\/bateria-de-peanas-oxhimmk3l45s2sipy7r66w66d1flkrpa5e4kpmugnk.jpg","datePublished":"2020-11-12T15:32:30+00:00","dateModified":"2020-11-12T15:32:31+00:00","breadcrumb":{"@id":"https:\/\/www.uualk.com\/about-us\/#breadcrumb"},"inLanguage":"es","potentialAction":[{"@type":"ReadAction","target":["https:\/\/www.uualk.com\/about-us\/"]}]},{"@type":"ImageObject","inLanguage":"es","@id":"https:\/\/www.uualk.com\/about-us\/#primaryimage","url":"https:\/\/www.uualk.com\/uualk.0\/wp-content\/uploads\/elementor\/thumbs\/bateria-de-peanas-oxhimmk3l45s2sipy7r66w66d1flkrpa5e4kpmugnk.jpg","contentUrl":"https:\/\/www.uualk.com\/uualk.0\/wp-content\/uploads\/elementor\/thumbs\/bateria-de-peanas-oxhimmk3l45s2sipy7r66w66d1flkrpa5e4kpmugnk.jpg"},{"@type":"BreadcrumbList","@id":"https:\/\/www.uualk.com\/about-us\/#breadcrumb","itemListElement":[{"@type":"ListItem","position":1,"name":"Home","item":"https:\/\/www.uualk.com\/"},{"@type":"ListItem","position":2,"name":"Nosotros"}]},{"@type":"WebSite","@id":"https:\/\/www.uualk.com\/#website","url":"https:\/\/www.uualk.com\/","name":"eBikes UUALK","description":"Bicicletas el\u00e9ctricas UUALK","publisher":{"@id":"https:\/\/www.uualk.com\/#organization"},"potentialAction":[{"@type":"SearchAction","target":{"@type":"EntryPoint","urlTemplate":"https:\/\/www.uualk.com\/?s={search_term_string}"},"query-input":{"@type":"PropertyValueSpecification","valueRequired":true,"valueName":"search_term_string"}}],"inLanguage":"es"},{"@type":"Organization","@id":"https:\/\/www.uualk.com\/#organization","name":"Uualk","url":"https:\/\/www.uualk.com\/","logo":{"@type":"ImageObject","inLanguage":"es","@id":"https:\/\/www.uualk.com\/#\/schema\/logo\/image\/","url":"https:\/\/www.uualk.com\/uualk.0\/wp-content\/uploads\/uualk-ebikes-logo-1.png","contentUrl":"https:\/\/www.uualk.com\/uualk.0\/wp-content\/uploads\/uualk-ebikes-logo-1.png","width":434,"height":102,"caption":"Uualk"},"image":{"@id":"https:\/\/www.uualk.com\/#\/schema\/logo\/image\/"}}]}},"_links":{"self":[{"href":"https:\/\/www.uualk.com\/es\/wp-json\/wp\/v2\/pages\/17092","targetHints":{"allow":["GET"]}}],"collection":[{"href":"https:\/\/www.uualk.com\/es\/wp-json\/wp\/v2\/pages"}],"about":[{"href":"https:\/\/www.uualk.com\/es\/wp-json\/wp\/v2\/types\/page"}],"author":[{"embeddable":true,"href":"https:\/\/www.uualk.com\/es\/wp-json\/wp\/v2\/users\/1"}],"replies":[{"embeddable":true,"href":"https:\/\/www.uualk.com\/es\/wp-json\/wp\/v2\/comments?post=17092"}],"version-history":[{"count":1,"href":"https:\/\/www.uualk.com\/es\/wp-json\/wp\/v2\/pages\/17092\/revisions"}],"predecessor-version":[{"id":17099,"href":"https:\/\/www.uualk.com\/es\/wp-json\/wp\/v2\/pages\/17092\/revisions\/17099"}],"wp:attachment":[{"href":"https:\/\/www.uualk.com\/es\/wp-json\/wp\/v2\/media?parent=17092"}],"curies":[{"name":"wp","href":"https:\/\/api.w.org\/{rel}","templated":true}]}}